{"id":5578,"date":"2016-04-12T17:49:46","date_gmt":"2016-04-12T15:49:46","guid":{"rendered":"http:\/\/www.destalisscale.com\/?page_id=5578"},"modified":"2017-02-06T17:57:13","modified_gmt":"2017-02-06T16:57:13","slug":"brevetti","status":"publish","type":"page","link":"https:\/\/www.destalisscale.com\/it\/come-lavoriamo\/brevetti\/","title":{"rendered":"Brevetti"},"content":{"rendered":"<div class=\"wpb-content-wrapper\"><p>[vc_row header_feature=&#8221;yes&#8221; padding_top=&#8221;120&#8243; padding_bottom=&#8221;120&#8243; margin_bottom=&#8221;0&#8243;][vc_column width=&#8221;7\/12&#8243; css=&#8221;.vc_custom_1460469038319{padding-right: 3% !important;padding-left: 3% !important;}&#8221;]<h4 class=\"grve-element grve-align-left grve-title-line grve-h4 grve-animated-item grve-fadeIn\" style=\"\" data-delay=\"200\"><span>Brevetti<\/span><\/h4>[vc_column_text animation=&#8221;fadeInDown&#8221; css=&#8221;.vc_custom_1460476575527{padding-right: 0% !important;padding-left: 0% !important;}&#8221;]Abbiamo studiato e brevettato due sistemi:<\/p>\n<ul>\n<li>uno riguarda la regolazione in altezza e pressione \u2028delle <strong>scale a chiocciola\u00a0<\/strong>tramite un anello filettato posto alla base del tubo in acciaio della scala.<\/li>\n<li>l&#8217;altro risolve il problema dell&#8217;ancoraggio e dell&#8217;assemblaggio delle ringhiere e delle strutture delle <strong>scale autoportanti<\/strong> dando la possibilit\u00e0 di inserire spine e viti di fissaggio a piacimento senza che rimangano a vista. Il risultato \u00e8 esteticamente perfetto perch\u00e8 non si vedono le viti e le giunzioni hanno un&#8217;ottima tenuta.<\/li>\n<\/ul>\n<p>La qualit\u00e0 di quest&#8217;ultimo \u00e8 stata poi certificata dal Laboratorio prove Centro Ricerca e Sviluppo del <strong>CATAS<\/strong> di San Giovanni al Natisone \/ UD \/ Italia.[\/vc_column_text][\/vc_column][vc_column width=&#8221;5\/12&#8243;]<div class=\"grve-element grve-hr grve-space-divider\" style=\"\"><\/div><div class=\"grve-element grve-image grve-animated-item grve-fadeInUp grve-full-image grve-align-left\" style=\"\" data-delay=\"200\"><img loading=\"lazy\" decoding=\"async\" width=\"1200\" height=\"800\" src=\"https:\/\/www.destalisscale.com\/wp-content\/uploads\/2016\/04\/Innesto-brevettato.jpg\" class=\"attachment-full size-full\" alt=\"\" srcset=\"https:\/\/www.destalisscale.com\/wp-content\/uploads\/2016\/04\/Innesto-brevettato.jpg 1200w, https:\/\/www.destalisscale.com\/wp-content\/uploads\/2016\/04\/Innesto-brevettato-300x200.jpg 300w, https:\/\/www.destalisscale.com\/wp-content\/uploads\/2016\/04\/Innesto-brevettato-768x512.jpg 768w, https:\/\/www.destalisscale.com\/wp-content\/uploads\/2016\/04\/Innesto-brevettato-1024x683.jpg 1024w\" sizes=\"auto, (max-width: 1200px) 100vw, 1200px\" \/><\/div>[\/vc_column][\/vc_row]<\/p>\n<\/div>","protected":false},"excerpt":{"rendered":"<p>[vc_row header_feature=&#8221;yes&#8221; padding_top=&#8221;120&#8243; padding_bottom=&#8221;120&#8243; margin_bottom=&#8221;0&#8243;][vc_column width=&#8221;7\/12&#8243; css=&#8221;.vc_custom_1460469038319{padding-right: 3% !important;padding-left: 3% !important;}&#8221;][vc_column_text animation=&#8221;fadeInDown&#8221; css=&#8221;.vc_custom_1460476575527{padding-right: 0% !important;padding-left: 0% !important;}&#8221;]Abbiamo studiato e brevettato due sistemi: uno riguarda la regolazione in altezza e pressione \u2028delle scale a chiocciola\u00a0tramite un anello filettato posto alla base del tubo in acciaio della scala. l&#8217;altro risolve il problema dell&#8217;ancoraggio e dell&#8217;assemblaggio delle ringhiere [&hellip;]<\/p>\n","protected":false},"author":4,"featured_media":0,"parent":6174,"menu_order":6,"comment_status":"open","ping_status":"closed","template":"","meta":{"footnotes":""},"class_list":["post-5578","page","type-page","status-publish","hentry"],"_links":{"self":[{"href":"https:\/\/www.destalisscale.com\/it\/wp-json\/wp\/v2\/pages\/5578","targetHints":{"allow":["GET"]}}],"collection":[{"href":"https:\/\/www.destalisscale.com\/it\/wp-json\/wp\/v2\/pages"}],"about":[{"href":"https:\/\/www.destalisscale.com\/it\/wp-json\/wp\/v2\/types\/page"}],"author":[{"embeddable":true,"href":"https:\/\/www.destalisscale.com\/it\/wp-json\/wp\/v2\/users\/4"}],"replies":[{"embeddable":true,"href":"https:\/\/www.destalisscale.com\/it\/wp-json\/wp\/v2\/comments?post=5578"}],"version-history":[{"count":0,"href":"https:\/\/www.destalisscale.com\/it\/wp-json\/wp\/v2\/pages\/5578\/revisions"}],"up":[{"embeddable":true,"href":"https:\/\/www.destalisscale.com\/it\/wp-json\/wp\/v2\/pages\/6174"}],"wp:attachment":[{"href":"https:\/\/www.destalisscale.com\/it\/wp-json\/wp\/v2\/media?parent=5578"}],"curies":[{"name":"wp","href":"https:\/\/api.w.org\/{rel}","templated":true}]}}